{"id":680,"date":"2017-11-08T11:30:03","date_gmt":"2017-11-08T10:30:03","guid":{"rendered":"http:\/\/www.artybeton.fr\/?page_id=680"},"modified":"2017-11-08T13:17:46","modified_gmt":"2017-11-08T12:17:46","slug":"beton","status":"publish","type":"page","link":"https:\/\/www.artybeton.fr\/index.php\/beton\/","title":{"rendered":"B\u00e9ton"},"content":{"rendered":"<p><div  class=\"fusion-fullwidth fullwidth-box fusion-blend-mode nonhundred-percent-fullwidth\"  style='background-color: rgba(255,255,255,0);background-position: center center;background-repeat: no-repeat;padding-top:0px;padding-right:0px;padding-bottom:0px;padding-left:0px;'><div class=\"fusion-builder-row fusion-row \"><div  class=\"fusion-layout-column fusion_builder_column fusion_builder_column_1_1  fusion-one-full fusion-column-first fusion-column-last fusion-column-inner-bg-wrapper 1_1\"  style='margin-top:0px;margin-bottom:20px;'>\n\t\t\t\t\t<div class=\"fusion-column-wrapper\" style=\"\" data-bg-url=\"\">\n\t\t\t\t\t\t<p style=\"text-align: center;\">ARTY BETON avec sa mati\u00e8re min\u00e9rale, tr\u00e8s contemporaine et ses motifs infinis participe pleinement \u00e0 la cr\u00e9ation d\u2019une ambiance haut de gamme.<\/p>\n<div class=\"fusion-clearfix\"><\/div>\n\t\t\t\t\t<\/div>\n\t\t\t\t\t<span class=\"fusion-column-inner-bg hover-type-zoomin\">\n\t\t\t\t\t\t<a  aria-label=\"\">\n\t\t\t\t\t\t\t<span class=\"fusion-column-inner-bg-image\" style=\"background-color:rgba(163,142,75,0.25);background-position:left top;background-repeat:no-repeat;-webkit-background-size:cover;-moz-background-size:cover;-o-background-size:cover;background-size:cover;\"><\/span><\/a>\n\t\t\t\t\t<\/span>\n\t\t\t\t<\/div><div  class=\"fusion-layout-column fusion_builder_column fusion_builder_column_1_2  fusion-one-half fusion-column-first 1_2\"  style='margin-top:0px;margin-bottom:20px;width:50%;width:calc(50% - ( ( 4% ) * 0.5 ) );margin-right: 4%;'>\n\t\t\t\t\t<div class=\"fusion-column-wrapper\" style=\"background-color:rgba(163,142,75,0.25);background-position:left top;background-repeat:no-repeat;-webkit-background-size:cover;-moz-background-size:cover;-o-background-size:cover;background-size:cover;\"  data-bg-url=\"\">\n\t\t\t\t\t\t<style type=\"text\/css\" scoped=\"scoped\"> }<\/style><div class=\"accordian fusion-accordian\"><div class=\"panel-group\" id=\"accordion-680-1\"><div class=\"fusion-panel panel-default\"><div class=\"panel-heading\"><h4 class=\"panel-title toggle\"><a data-toggle=\"collapse\" data-parent=\"#accordion-680-1\" data-target=\"#9000d72240f5ea9ec\" href=\"#9000d72240f5ea9ec\"><div class=\"fusion-toggle-icon-wrapper\"><i class=\"fa-fusion-box\"><\/i><\/div><div class=\"fusion-toggle-heading\">Un b\u00e9ton tr\u00e8s innovant <\/div><\/a><\/h4><\/div><div id=\"9000d72240f5ea9ec\" class=\"panel-collapse collapse \"><div class=\"panel-body toggle-content\">\n<p>Pour ses r\u00e9alisation ARTY BETOn mets en \u0153uvre les fameux BFUP :<br \/>\nLes B\u00e9tons Fibr\u00e9s Ultra Performants<br \/>\nIssus de la g\u00e9n\u00e9ration des b\u00e9tons \u00e0 hautes performances, les BFUP sont des mat\u00e9riaux<br \/>\n\u00e0 matrice cimentaire, renforc\u00e9s par des fibres. Une moindre quantit\u00e9 d\u2019eau est n\u00e9cessaire<br \/>\n\u00e0 leur mise en \u0153uvre. Cette innovation rends leur usage plus respectueux des ressources<br \/>\nde la plan\u00e8te.Tr\u00e8s fluides, ils \u00e9pousent les moindres d\u00e9tails des coffrages.<\/p>\n<\/div><\/div><\/div><div class=\"fusion-panel panel-default\"><div class=\"panel-heading\"><h4 class=\"panel-title toggle\"><a data-toggle=\"collapse\" data-parent=\"#accordion-680-1\" data-target=\"#8c6fccd5f20b28768\" href=\"#8c6fccd5f20b28768\"><div class=\"fusion-toggle-icon-wrapper\"><i class=\"fa-fusion-box\"><\/i><\/div><div class=\"fusion-toggle-heading\">Un b\u00e9ton tr\u00e8s performant<\/div><\/a><\/h4><\/div><div id=\"8c6fccd5f20b28768\" class=\"panel-collapse collapse \"><div class=\"panel-body toggle-content\">\n<p>Tr\u00e8s r\u00e9sistant \u00e0 l\u2019abrasion, \u00e0 la pollution, aux \u00e9raflures, au gel, au feu et aux taches,<br \/>\nde par leur faible porosit\u00e9, ces b\u00e9tons offrent des performances exceptionnelles.<br \/>\nCes atouts techniques permettent la mise en \u0153uvre \u00e0 l\u2019int\u00e9rieur comme \u00e0 l\u2019ext\u00e9rieur des b\u00e2timents,<br \/>\ndans les jardins et les espaces publiques.<br \/>\nNous proposons des plaques mais aussi des formes type habillage de colones que nous r\u00e9alisons<br \/>\nsur commande avec nos sp\u00e9cialistes en moules.<\/p>\n<\/div><\/div><\/div><div class=\"fusion-panel panel-default\"><div class=\"panel-heading\"><h4 class=\"panel-title toggle\"><a data-toggle=\"collapse\" data-parent=\"#accordion-680-1\" data-target=\"#fc977544f2837eedc\" href=\"#fc977544f2837eedc\"><div class=\"fusion-toggle-icon-wrapper\"><i class=\"fa-fusion-box\"><\/i><\/div><div class=\"fusion-toggle-heading\">Un produit 100% made In France<\/div><\/a><\/h4><\/div><div id=\"fc977544f2837eedc\" class=\"panel-collapse collapse \"><div class=\"panel-body toggle-content\">\n<p>Gr\u00e2ce \u00e0 son proc\u00e9d\u00e9 de moulage exclusif ARTY BETON exploite pleinement les facult\u00e9s<br \/>\nextraordinaires de ces nouveaux b\u00e9tons et le savoir faire de ses partenaires industriels<br \/>\nToutes les pi\u00e8ces sont r\u00e9alis\u00e9es en usine en France.<\/p>\n<\/div><\/div><\/div><\/div><\/div><div class=\"fusion-clearfix\"><\/div>\n\n\t\t\t\t\t<\/div>\n\t\t\t\t<\/div><div  class=\"fusion-layout-column fusion_builder_column fusion_builder_column_1_2  fusion-one-half fusion-column-last 1_2\"  style='margin-top:0px;margin-bottom:20px;width:50%;width:calc(50% - ( ( 4% ) * 0.5 ) );'>\n\t\t\t\t\t<div class=\"fusion-column-wrapper\" style=\"background-color:rgba(163,142,75,0.25);background-position:left top;background-repeat:no-repeat;-webkit-background-size:cover;-moz-background-size:cover;-o-background-size:cover;background-size:cover;\"  data-bg-url=\"\">\n\t\t\t\t\t\t<style type=\"text\/css\" scoped=\"scoped\"> }<\/style><div class=\"accordian fusion-accordian\"><div class=\"panel-group\" id=\"accordion-680-2\"><div class=\"fusion-panel panel-default\"><div class=\"panel-heading\"><h4 class=\"panel-title toggle\"><a data-toggle=\"collapse\" data-parent=\"#accordion-680-2\" data-target=\"#5a22f256ab1de54fc\" href=\"#5a22f256ab1de54fc\"><div class=\"fusion-toggle-icon-wrapper\"><i class=\"fa-fusion-box\"><\/i><\/div><div class=\"fusion-toggle-heading\">Sensations couleurs<\/div><\/a><\/h4><\/div><div id=\"5a22f256ab1de54fc\" class=\"panel-collapse collapse \"><div class=\"panel-body toggle-content\">\n<p><img loading=\"lazy\" decoding=\"async\" class=\"alignnone wp-image-721 size-large\" src=\"http:\/\/www.artybeton.fr\/wp-content\/uploads\/2017\/11\/sensation-couleur2-1024x99.gif\" alt=\"\" width=\"1024\" height=\"99\" srcset=\"https:\/\/www.artybeton.fr\/wp-content\/uploads\/2017\/11\/sensation-couleur2-200x19.gif 200w, https:\/\/www.artybeton.fr\/wp-content\/uploads\/2017\/11\/sensation-couleur2-300x29.gif 300w, https:\/\/www.artybeton.fr\/wp-content\/uploads\/2017\/11\/sensation-couleur2-400x39.gif 400w, https:\/\/www.artybeton.fr\/wp-content\/uploads\/2017\/11\/sensation-couleur2-600x58.gif 600w, https:\/\/www.artybeton.fr\/wp-content\/uploads\/2017\/11\/sensation-couleur2-768x74.gif 768w, https:\/\/www.artybeton.fr\/wp-content\/uploads\/2017\/11\/sensation-couleur2-800x78.gif 800w, https:\/\/www.artybeton.fr\/wp-content\/uploads\/2017\/11\/sensation-couleur2-1024x99.gif 1024w, https:\/\/www.artybeton.fr\/wp-content\/uploads\/2017\/11\/sensation-couleur2-1200x116.gif 1200w, https:\/\/www.artybeton.fr\/wp-content\/uploads\/2017\/11\/sensation-couleur2.gif 5974w\" sizes=\"auto, (max-width: 1024px) 100vw, 1024px\" \/><\/p>\n<p>Dans notre inconscient collectif le b\u00e9ton est associ\u00e9 au gris, mais il offre aussi \u00e0 qui le souhaite<br \/>\nune palette infinie de couleurs en ayant recours \u00e0 divers proc\u00e9d\u00e9s de mise \u00e0 la teinte :<br \/>\nLa lazure, effectu\u00e9e en usine, c&rsquo;est un proc\u00e9d\u00e9 de coloration non filmog\u00e8ne,<br \/>\nqui p\u00e9n\u00e8tre la mati\u00e8re en lui laissant toute sa texture initiale.<br \/>\nLes pigments, min\u00e9raux ils respectent la nature du b\u00e9ton qu\u2019ils teintent dans la masse.<br \/>\nIls sont aussi r\u00e9sistants aux UV.<br \/>\nLa patine permets toutes les nuances de teintes.<br \/>\nLa dorure en feuille d\u2019or, d\u2019argent, de cuivre, d\u2019aluminium chaque cr\u00e9ation en est transcend\u00e9e.<\/p>\n<\/div><\/div><\/div><div class=\"fusion-panel panel-default\"><div class=\"panel-heading\"><h4 class=\"panel-title toggle\"><a data-toggle=\"collapse\" data-parent=\"#accordion-680-2\" data-target=\"#8724b8cc52a7292df\" href=\"#8724b8cc52a7292df\"><div class=\"fusion-toggle-icon-wrapper\"><i class=\"fa-fusion-box\"><\/i><\/div><div class=\"fusion-toggle-heading\">Un no limit cr\u00e9atif<\/div><\/a><\/h4><\/div><div id=\"8724b8cc52a7292df\" class=\"panel-collapse collapse \"><div class=\"panel-body toggle-content\">\n<p>Your Content Goes HereLe proc\u00e9d\u00e9 ARTY BETON permet toutes les r\u00e9alisations dans un no limit cr\u00e9atif.<br \/>\nPar exemple, nous pouvons reprendre et d\u00e9cliner votre identit\u00e9 visuelle, jouer avec les \u00e9chelles&#8230;<br \/>\nLa designer Bertille Gentil, inventeur du proc\u00e9d\u00e9, a cr\u00e9e des collections de motifs aux inspirations multiples.<br \/>\nEnsemble nous pouvons aussi cr\u00e9er sp\u00e9cialement pour votre projet.<\/p>\n<\/div><\/div><\/div><div class=\"fusion-panel panel-default\"><div class=\"panel-heading\"><h4 class=\"panel-title toggle\"><a data-toggle=\"collapse\" data-parent=\"#accordion-680-2\" data-target=\"#25d9e290f00025a0e\" href=\"#25d9e290f00025a0e\"><div class=\"fusion-toggle-icon-wrapper\"><i class=\"fa-fusion-box\"><\/i><\/div><div class=\"fusion-toggle-heading\">De l'efficacit\u00e9 et de la confiance<\/div><\/a><\/h4><\/div><div id=\"25d9e290f00025a0e\" class=\"panel-collapse collapse \"><div class=\"panel-body toggle-content\">\n<p>Nous connaissons vos besoins sur ce type de projet : r\u00e9activit\u00e9, souplesse, efficacit\u00e9.<br \/>\nAinsi, nous r\u00e9pondons de mani\u00e8re tr\u00e8s rapide \u00e0 une demande d\u2019\u00e9chantillons sp\u00e9cifiques,<br \/>\nun prototype, une vue 3D etc<\/p>\n<\/div><\/div><\/div><\/div><\/div><div class=\"fusion-clearfix\"><\/div>\n\n\t\t\t\t\t<\/div>\n\t\t\t\t<\/div><\/div><\/div><div  class=\"fusion-fullwidth fullwidth-box fusion-blend-mode nonhundred-percent-fullwidth\"  style='background-color: rgba(255,255,255,0);background-position: center center;background-repeat: no-repeat;padding-top:0px;padding-right:0px;padding-bottom:0px;padding-left:0px;'><div class=\"fusion-builder-row fusion-row \"><div  data-animationType=slideInLeft data-animationDuration=0.3 data-animationOffset=100% class=\"fusion-layout-column fusion_builder_column fusion_builder_column_1_1  fusion-one-full fusion-column-first fusion-column-last fusion-animated 1_1\"  style='margin-top:0px;margin-bottom:20px;'>\n\t\t\t\t\t<div class=\"fusion-column-wrapper\" style=\"background-color:rgba(163,142,75,0.25);background-position:left top;background-repeat:no-repeat;-webkit-background-size:cover;-moz-background-size:cover;-o-background-size:cover;background-size:cover;\"  data-bg-url=\"\">\n\t\t\t\t\t\t<div class=\"fusion-clearfix\"><\/div>\n\n\t\t\t\t\t<\/div>\n\t\t\t\t<\/div><\/div><\/div><\/p>\n","protected":false},"excerpt":{"rendered":"","protected":false},"author":1,"featured_media":0,"parent":0,"menu_order":0,"comment_status":"closed","ping_status":"closed","template":"","meta":{"footnotes":""},"class_list":["post-680","page","type-page","status-publish","hentry"],"translation":{"provider":"WPGlobus","version":"3.0.0","language":"fr","enabled_languages":["fr","gb"],"languages":{"fr":{"title":true,"content":true,"excerpt":false},"gb":{"title":false,"content":false,"excerpt":false}}},"_links":{"self":[{"href":"https:\/\/www.artybeton.fr\/index.php\/wp-json\/wp\/v2\/pages\/680","targetHints":{"allow":["GET"]}}],"collection":[{"href":"https:\/\/www.artybeton.fr\/index.php\/wp-json\/wp\/v2\/pages"}],"about":[{"href":"https:\/\/www.artybeton.fr\/index.php\/wp-json\/wp\/v2\/types\/page"}],"author":[{"embeddable":true,"href":"https:\/\/www.artybeton.fr\/index.php\/wp-json\/wp\/v2\/users\/1"}],"replies":[{"embeddable":true,"href":"https:\/\/www.artybeton.fr\/index.php\/wp-json\/wp\/v2\/comments?post=680"}],"version-history":[{"count":42,"href":"https:\/\/www.artybeton.fr\/index.php\/wp-json\/wp\/v2\/pages\/680\/revisions"}],"predecessor-version":[{"id":742,"href":"https:\/\/www.artybeton.fr\/index.php\/wp-json\/wp\/v2\/pages\/680\/revisions\/742"}],"wp:attachment":[{"href":"https:\/\/www.artybeton.fr\/index.php\/wp-json\/wp\/v2\/media?parent=680"}],"curies":[{"name":"wp","href":"https:\/\/api.w.org\/{rel}","templated":true}]}}