{"id":6,"date":"2017-05-05T18:03:24","date_gmt":"2017-05-05T16:03:24","guid":{"rendered":"http:\/\/www.artybeton.fr\/?page_id=6"},"modified":"2017-06-01T17:08:10","modified_gmt":"2017-06-01T15:08:10","slug":"collections","status":"publish","type":"page","link":"https:\/\/www.artybeton.fr\/index.php\/collections\/","title":{"rendered":"Collections"},"content":{"rendered":"<div  class=\"fusion-fullwidth fullwidth-box fusion-blend-mode nonhundred-percent-fullwidth\"  style='background-color: rgba(255,255,255,0);background-position: center center;background-repeat: no-repeat;padding-top:0px;padding-right:0px;padding-bottom:0px;padding-left:0px;'><div class=\"fusion-builder-row fusion-row \"><div  class=\"fusion-layout-column fusion_builder_column fusion_builder_column_1_1  fusion-one-full fusion-column-first fusion-column-last 1_1\"  style='margin-top:0px;margin-bottom:0px;'>\n\t\t\t\t\t<div class=\"fusion-column-wrapper\" style=\"background-position:left top;background-repeat:no-repeat;-webkit-background-size:cover;-moz-background-size:cover;-o-background-size:cover;background-size:cover;\"  data-bg-url=\"\">\n\t\t\t\t\t\t<p class=\"p1\" style=\"text-align: center;\">De la cr\u00e9ation, encore de la cr\u00e9ation, toujours de la cr\u00e9ation !<br \/>\nBertille Gentil a cr\u00e9e plusieurs lignes de motifs et vous propose leurs univers.<\/p>\n<div class=\"fusion-clearfix\"><\/div>\n\n\t\t\t\t\t<\/div>\n\t\t\t\t<\/div><div  class=\"fusion-layout-column fusion_builder_column fusion_builder_column_1_3  fusion-one-third fusion-column-first 1_3\"  style='margin-top:0px;margin-bottom:20px;width:33.33%;width:calc(33.33% - ( ( 4% + 4% ) * 0.3333 ) );margin-right: 4%;'>\n\t\t\t\t\t<div class=\"fusion-column-wrapper\" style=\"background-position:left top;background-repeat:no-repeat;-webkit-background-size:cover;-moz-background-size:cover;-o-background-size:cover;background-size:cover;\"  data-bg-url=\"\">\n\t\t\t\t\t\t<p style=\"text-align: center;\"><a href=\"http:\/\/www.artybeton.fr\/index.php\/beton-optique\/\">B\u00e9ton Optique<\/a><\/p>\n<div class=\"imageframe-align-center\"><span class=\"fusion-imageframe imageframe-none imageframe-1 hover-type-none\"><img loading=\"lazy\" decoding=\"async\" src=\"http:\/\/www.artybeton.fr\/wp-content\/uploads\/2017\/05\/plaque-be\u0301ton-300x300.jpg\" width=\"300\" height=\"300\" alt=\"\" title=\"plaque-be\u0301ton\" class=\"img-responsive wp-image-167\" srcset=\"https:\/\/www.artybeton.fr\/wp-content\/uploads\/2017\/05\/plaque-be\u0301ton-200x200.jpg 200w, https:\/\/www.artybeton.fr\/wp-content\/uploads\/2017\/05\/plaque-be\u0301ton.jpg 365w\" sizes=\"auto, (max-width: 805px) 100vw, 1100px\" \/><\/span><\/div><div class=\"fusion-clearfix\"><\/div>\n\n\t\t\t\t\t<\/div>\n\t\t\t\t<\/div><div  class=\"fusion-layout-column fusion_builder_column fusion_builder_column_1_3  fusion-one-third 1_3\"  style='margin-top:0px;margin-bottom:20px;width:33.33%;width:calc(33.33% - ( ( 4% + 4% ) * 0.3333 ) );margin-right: 4%;'>\n\t\t\t\t\t<div class=\"fusion-column-wrapper\" style=\"background-position:left top;background-repeat:no-repeat;-webkit-background-size:cover;-moz-background-size:cover;-o-background-size:cover;background-size:cover;\"  data-bg-url=\"\">\n\t\t\t\t\t\t<p style=\"text-align: center;\"><a href=\"http:\/\/www.artybeton.fr\/index.php\/beton-velvet\/\">B\u00e9ton Velvet<\/a><\/p>\n<div class=\"imageframe-align-center\"><span class=\"fusion-imageframe imageframe-none imageframe-2 hover-type-none\"><img loading=\"lazy\" decoding=\"async\" src=\"http:\/\/www.artybeton.fr\/wp-content\/uploads\/2017\/05\/RIP02-219x300.jpg\" width=\"219\" height=\"300\" alt=\"\" title=\"RIP02\" class=\"img-responsive wp-image-67\" srcset=\"https:\/\/www.artybeton.fr\/wp-content\/uploads\/2017\/05\/RIP02-200x274.jpg 200w, https:\/\/www.artybeton.fr\/wp-content\/uploads\/2017\/05\/RIP02-400x549.jpg 400w, https:\/\/www.artybeton.fr\/wp-content\/uploads\/2017\/05\/RIP02-600x823.jpg 600w, https:\/\/www.artybeton.fr\/wp-content\/uploads\/2017\/05\/RIP02-800x1097.jpg 800w, https:\/\/www.artybeton.fr\/wp-content\/uploads\/2017\/05\/RIP02.jpg 921w\" sizes=\"auto, (max-width: 805px) 100vw, 1100px\" \/><\/span><\/div><div class=\"fusion-clearfix\"><\/div>\n\n\t\t\t\t\t<\/div>\n\t\t\t\t<\/div><div  class=\"fusion-layout-column fusion_builder_column fusion_builder_column_1_3  fusion-one-third fusion-column-last 1_3\"  style='margin-top:0px;margin-bottom:20px;width:33.33%;width:calc(33.33% - ( ( 4% + 4% ) * 0.3333 ) );'>\n\t\t\t\t\t<div class=\"fusion-column-wrapper\" style=\"background-position:left top;background-repeat:no-repeat;-webkit-background-size:cover;-moz-background-size:cover;-o-background-size:cover;background-size:cover;\"  data-bg-url=\"\">\n\t\t\t\t\t\t<p style=\"text-align: center;\"><a href=\"http:\/\/www.artybeton.fr\/index.php\/beton-baroque\/\">B\u00e9ton Baroque<\/a><\/p>\n<div class=\"imageframe-align-center\"><span class=\"fusion-imageframe imageframe-none imageframe-3 hover-type-none\"><img loading=\"lazy\" decoding=\"async\" src=\"http:\/\/www.artybeton.fr\/wp-content\/uploads\/2017\/05\/ambert-or-300x300.jpg\" width=\"300\" height=\"300\" alt=\"\" title=\"ambert-or\" class=\"img-responsive wp-image-76\" srcset=\"https:\/\/www.artybeton.fr\/wp-content\/uploads\/2017\/05\/ambert-or-200x200.jpg 200w, https:\/\/www.artybeton.fr\/wp-content\/uploads\/2017\/05\/ambert-or-400x400.jpg 400w, https:\/\/www.artybeton.fr\/wp-content\/uploads\/2017\/05\/ambert-or-600x600.jpg 600w, https:\/\/www.artybeton.fr\/wp-content\/uploads\/2017\/05\/ambert-or-800x800.jpg 800w, https:\/\/www.artybeton.fr\/wp-content\/uploads\/2017\/05\/ambert-or.jpg 1177w\" sizes=\"auto, (max-width: 805px) 100vw, 1100px\" \/><\/span><\/div><div class=\"fusion-clearfix\"><\/div>\n\n\t\t\t\t\t<\/div>\n\t\t\t\t<\/div><\/div><\/div>\n","protected":false},"excerpt":{"rendered":"","protected":false},"author":1,"featured_media":0,"parent":0,"menu_order":0,"comment_status":"closed","ping_status":"closed","template":"","meta":{"footnotes":""},"class_list":["post-6","page","type-page","status-publish","hentry"],"translation":{"provider":"WPGlobus","version":"3.0.0","language":"fr","enabled_languages":["fr","gb"],"languages":{"fr":{"title":true,"content":true,"excerpt":false},"gb":{"title":false,"content":false,"excerpt":false}}},"_links":{"self":[{"href":"https:\/\/www.artybeton.fr\/index.php\/wp-json\/wp\/v2\/pages\/6","targetHints":{"allow":["GET"]}}],"collection":[{"href":"https:\/\/www.artybeton.fr\/index.php\/wp-json\/wp\/v2\/pages"}],"about":[{"href":"https:\/\/www.artybeton.fr\/index.php\/wp-json\/wp\/v2\/types\/page"}],"author":[{"embeddable":true,"href":"https:\/\/www.artybeton.fr\/index.php\/wp-json\/wp\/v2\/users\/1"}],"replies":[{"embeddable":true,"href":"https:\/\/www.artybeton.fr\/index.php\/wp-json\/wp\/v2\/comments?post=6"}],"version-history":[{"count":13,"href":"https:\/\/www.artybeton.fr\/index.php\/wp-json\/wp\/v2\/pages\/6\/revisions"}],"predecessor-version":[{"id":619,"href":"https:\/\/www.artybeton.fr\/index.php\/wp-json\/wp\/v2\/pages\/6\/revisions\/619"}],"wp:attachment":[{"href":"https:\/\/www.artybeton.fr\/index.php\/wp-json\/wp\/v2\/media?parent=6"}],"curies":[{"name":"wp","href":"https:\/\/api.w.org\/{rel}","templated":true}]}}