{"id":258,"date":"2017-05-16T12:29:47","date_gmt":"2017-05-16T10:29:47","guid":{"rendered":"http:\/\/www.artybeton.fr\/?page_id=258"},"modified":"2017-06-01T16:40:44","modified_gmt":"2017-06-01T14:40:44","slug":"particuliers","status":"publish","type":"page","link":"https:\/\/www.artybeton.fr\/index.php\/particuliers\/","title":{"rendered":"Particuliers"},"content":{"rendered":"<div  class=\"fusion-fullwidth fullwidth-box fusion-blend-mode nonhundred-percent-fullwidth\"  style='background-color: rgba(255,255,255,0);background-position: center center;background-repeat: no-repeat;padding-top:0px;padding-right:0px;padding-bottom:0px;padding-left:0px;'><div class=\"fusion-builder-row fusion-row \"><div  class=\"fusion-layout-column fusion_builder_column fusion_builder_column_1_1  fusion-one-full fusion-column-first fusion-column-last 1_1\"  style='margin-top:0px;margin-bottom:20px;'>\n\t\t\t\t\t<div class=\"fusion-column-wrapper\" style=\"background-position:left top;background-repeat:no-repeat;-webkit-background-size:cover;-moz-background-size:cover;-o-background-size:cover;background-size:cover;\"  data-bg-url=\"\">\n\t\t\t\t\t\t<p class=\"p1\" style=\"text-align: center;\">Bertille Gentil cr\u00e9e pour vous les motifs qui vous ressemblent et s\u2019adaptent \u00e0 toutes vos envies.<br \/>\nLes plaques de BFUHP peuvent \u00eatre perc\u00e9es, coll\u00e9es, elles ne craignent ni l&rsquo;eau ni le feu.<\/p>\n\r\n\t\t\t\t\t\n\r\n\t\t\t\t\t<!-- START UNITE GALLERY LITE 1.7.44 -->\r\n\t\t\t\t\t\r\n\t\t\t\t\n\t\t\t<div id='unitegallery_10_1' class='unite-gallery' style='margin:0px auto;margin-top:30px;margin-bottom:30px;'>\n\t\t\t\t\n\n\t\t\t\t\t\t<img decoding=\"async\" alt=\"SDB Les Sources02\"\n\t\t\t\t\t\t     src=\"\" data-image=\"https:\/\/www.artybeton.fr\/wp-content\/uploads\/2017\/05\/SDB-Les-Sources02.jpg\"\n\t\t\t\t\t\t     data-thumb=\"https:\/\/www.artybeton.fr\/wp-content\/uploads\/2017\/05\/SDB-Les-Sources02-224x300.jpg\"\n\t\t\t\t\t\t     title=\"\"\n\t\t\t\t\t\t     style=\"display:none\">\n\n\t\t\t\t\t\t<img decoding=\"async\" alt=\"SDB Les Sources01\"\n\t\t\t\t\t\t     src=\"\" data-image=\"https:\/\/www.artybeton.fr\/wp-content\/uploads\/2017\/05\/SDB-Les-Sources01.jpg\"\n\t\t\t\t\t\t     data-thumb=\"https:\/\/www.artybeton.fr\/wp-content\/uploads\/2017\/05\/SDB-Les-Sources01-244x300.jpg\"\n\t\t\t\t\t\t     title=\"\"\n\t\t\t\t\t\t     style=\"display:none\">\n\n\t\t\t\t\t\t<img decoding=\"async\" alt=\"les Sources cuisine\"\n\t\t\t\t\t\t     src=\"\" data-image=\"https:\/\/www.artybeton.fr\/wp-content\/uploads\/2017\/05\/les-Sources-cuisine.jpg\"\n\t\t\t\t\t\t     data-thumb=\"https:\/\/www.artybeton.fr\/wp-content\/uploads\/2017\/05\/les-Sources-cuisine-300x206.jpg\"\n\t\t\t\t\t\t     title=\"\"\n\t\t\t\t\t\t     style=\"display:none\">\n\n\t\t\t\t\t\t<img decoding=\"async\" alt=\"sdb-mitsouo\"\n\t\t\t\t\t\t     src=\"\" data-image=\"https:\/\/www.artybeton.fr\/wp-content\/uploads\/2017\/05\/sdb-mitsouo.jpg\"\n\t\t\t\t\t\t     data-thumb=\"https:\/\/www.artybeton.fr\/wp-content\/uploads\/2017\/05\/sdb-mitsouo-227x300.jpg\"\n\t\t\t\t\t\t     title=\"\"\n\t\t\t\t\t\t     style=\"display:none\">\n\n\t\t\t\t\t\t<img decoding=\"async\" alt=\"sdb-mitsouo02\"\n\t\t\t\t\t\t     src=\"\" data-image=\"https:\/\/www.artybeton.fr\/wp-content\/uploads\/2017\/05\/sdb-mitsouo02.jpg\"\n\t\t\t\t\t\t     data-thumb=\"https:\/\/www.artybeton.fr\/wp-content\/uploads\/2017\/05\/sdb-mitsouo02-216x300.jpg\"\n\t\t\t\t\t\t     title=\"\"\n\t\t\t\t\t\t     style=\"display:none\">\n\n\t\t\t\t\t\t<img decoding=\"async\" alt=\"SDB-ge\u0301ne\u0301ral\"\n\t\t\t\t\t\t     src=\"\" data-image=\"https:\/\/www.artybeton.fr\/wp-content\/uploads\/2017\/05\/SDB-ge\u0301ne\u0301ral.jpg\"\n\t\t\t\t\t\t     data-thumb=\"https:\/\/www.artybeton.fr\/wp-content\/uploads\/2017\/05\/SDB-ge\u0301ne\u0301ral-198x300.jpg\"\n\t\t\t\t\t\t     title=\"\"\n\t\t\t\t\t\t     style=\"display:none\">\n\n\t\t\t\t\t\t<img decoding=\"async\" alt=\"SDB-Pied\"\n\t\t\t\t\t\t     src=\"\" data-image=\"https:\/\/www.artybeton.fr\/wp-content\/uploads\/2017\/05\/SDB-Pied.jpg\"\n\t\t\t\t\t\t     data-thumb=\"https:\/\/www.artybeton.fr\/wp-content\/uploads\/2017\/05\/SDB-Pied-200x300.jpg\"\n\t\t\t\t\t\t     title=\"\"\n\t\t\t\t\t\t     style=\"display:none\">\n\n\t\t\t\t\t\t<img decoding=\"async\" alt=\"SDB-douche\"\n\t\t\t\t\t\t     src=\"\" data-image=\"https:\/\/www.artybeton.fr\/wp-content\/uploads\/2017\/05\/SDB-douche.jpg\"\n\t\t\t\t\t\t     data-thumb=\"https:\/\/www.artybeton.fr\/wp-content\/uploads\/2017\/05\/SDB-douche-199x300.jpg\"\n\t\t\t\t\t\t     title=\"\"\n\t\t\t\t\t\t     style=\"display:none\">\n\t\t\t<\/div>\n\n\t\t\t<script type='text\/javascript'>\n\t\t\t\twindow.onload = function(e) {\n\t\t\t\t\tif(typeof ugCheckForErrors == \"undefined\"){\n\t\t\t\t\t\tdocument.getElementById(\"unitegallery_10_1\").innerHTML = \"<span style='color:red'>Unite Gallery Error - gallery js and css files not included in the footer. Please make sure that wp_footer() function is added to your theme.<\/span>\";}\n\t\t\t\t\telse{ ugCheckForErrors(\"unitegallery_10_1\", \"jquery\");}\n\t\t\t\t};\n\t\t\t<\/script>\n\n\t\t\t<!-- END UNITEGALLERY LITE--><div class=\"fusion-clearfix\"><\/div>\n\n\t\t\t\t\t<\/div>\n\t\t\t\t<\/div><\/div><\/div>\n","protected":false},"excerpt":{"rendered":"","protected":false},"author":1,"featured_media":0,"parent":0,"menu_order":0,"comment_status":"closed","ping_status":"closed","template":"","meta":{"footnotes":""},"class_list":["post-258","page","type-page","status-publish","hentry"],"translation":{"provider":"WPGlobus","version":"3.0.0","language":"fr","enabled_languages":["fr","gb"],"languages":{"fr":{"title":true,"content":true,"excerpt":false},"gb":{"title":false,"content":false,"excerpt":false}}},"_links":{"self":[{"href":"https:\/\/www.artybeton.fr\/index.php\/wp-json\/wp\/v2\/pages\/258","targetHints":{"allow":["GET"]}}],"collection":[{"href":"https:\/\/www.artybeton.fr\/index.php\/wp-json\/wp\/v2\/pages"}],"about":[{"href":"https:\/\/www.artybeton.fr\/index.php\/wp-json\/wp\/v2\/types\/page"}],"author":[{"embeddable":true,"href":"https:\/\/www.artybeton.fr\/index.php\/wp-json\/wp\/v2\/users\/1"}],"replies":[{"embeddable":true,"href":"https:\/\/www.artybeton.fr\/index.php\/wp-json\/wp\/v2\/comments?post=258"}],"version-history":[{"count":5,"href":"https:\/\/www.artybeton.fr\/index.php\/wp-json\/wp\/v2\/pages\/258\/revisions"}],"predecessor-version":[{"id":600,"href":"https:\/\/www.artybeton.fr\/index.php\/wp-json\/wp\/v2\/pages\/258\/revisions\/600"}],"wp:attachment":[{"href":"https:\/\/www.artybeton.fr\/index.php\/wp-json\/wp\/v2\/media?parent=258"}],"curies":[{"name":"wp","href":"https:\/\/api.w.org\/{rel}","templated":true}]}}