{"id":214,"date":"2017-05-16T11:34:32","date_gmt":"2017-05-16T09:34:32","guid":{"rendered":"http:\/\/www.artybeton.fr\/?page_id=214"},"modified":"2017-06-01T17:11:21","modified_gmt":"2017-06-01T15:11:21","slug":"beton-velvet","status":"publish","type":"page","link":"https:\/\/www.artybeton.fr\/index.php\/beton-velvet\/","title":{"rendered":"B\u00e9ton Velvet"},"content":{"rendered":"<p><div  class=\"fusion-fullwidth fullwidth-box fusion-blend-mode nonhundred-percent-fullwidth\"  style='background-color: rgba(255,255,255,0);background-position: center center;background-repeat: no-repeat;padding-top:0px;padding-right:0px;padding-bottom:0px;padding-left:0px;'><div class=\"fusion-builder-row fusion-row \"><div  class=\"fusion-layout-column fusion_builder_column fusion_builder_column_1_1  fusion-one-full fusion-column-first fusion-column-last 1_1\"  style='margin-top:0px;margin-bottom:20px;'>\n\t\t\t\t\t<div class=\"fusion-column-wrapper\" style=\"background-position:left top;background-repeat:no-repeat;-webkit-background-size:cover;-moz-background-size:cover;-o-background-size:cover;background-size:cover;\"  data-bg-url=\"\">\n\t\t\t\t\t\t<p class=\"p1\" style=\"text-align: center;\">B\u00e9ton Velvet offre un aspect in\u00e9dit, subtil et sensuel.<br \/>\nLes motifs, picturaux ou emprunt\u00e9s \u00e0 la nature, jouent le mat et la lumi\u00e8re<br \/>\navec des r\u00e8gles inhabituelles.<\/p>\n\r\n\t\t\t\t\t\n\r\n\t\t\t\t\t<!-- START UNITE GALLERY LITE 1.7.44 -->\r\n\t\t\t\t\t\r\n\t\t\t\t\n\t\t\t<div id='unitegallery_8_1' class='unite-gallery' style='margin:0px auto;margin-top:30px;margin-bottom:30px;'>\n\t\t\t\t\n\n\t\t\t\t\t\t<img decoding=\"async\" alt=\"flore-det01 (1)\"\n\t\t\t\t\t\t     src=\"\" data-image=\"https:\/\/www.artybeton.fr\/wp-content\/uploads\/2017\/05\/flore-det01-1.jpg\"\n\t\t\t\t\t\t     data-thumb=\"https:\/\/www.artybeton.fr\/wp-content\/uploads\/2017\/05\/flore-det01-1-300x225.jpg\"\n\t\t\t\t\t\t     title=\"\"\n\t\t\t\t\t\t     style=\"display:none\">\n\n\t\t\t\t\t\t<img decoding=\"async\" alt=\"flore-ensemble\"\n\t\t\t\t\t\t     src=\"\" data-image=\"https:\/\/www.artybeton.fr\/wp-content\/uploads\/2017\/05\/flore-ensemble.jpg\"\n\t\t\t\t\t\t     data-thumb=\"https:\/\/www.artybeton.fr\/wp-content\/uploads\/2017\/05\/flore-ensemble-300x225.jpg\"\n\t\t\t\t\t\t     title=\"\"\n\t\t\t\t\t\t     style=\"display:none\">\n\n\t\t\t\t\t\t<img decoding=\"async\" alt=\"souple03\"\n\t\t\t\t\t\t     src=\"\" data-image=\"https:\/\/www.artybeton.fr\/wp-content\/uploads\/2017\/05\/souple03.jpg\"\n\t\t\t\t\t\t     data-thumb=\"https:\/\/www.artybeton.fr\/wp-content\/uploads\/2017\/05\/souple03-300x203.jpg\"\n\t\t\t\t\t\t     title=\"\"\n\t\t\t\t\t\t     style=\"display:none\">\n\n\t\t\t\t\t\t<img decoding=\"async\" alt=\"RIP03\"\n\t\t\t\t\t\t     src=\"\" data-image=\"https:\/\/www.artybeton.fr\/wp-content\/uploads\/2017\/05\/RIP03.jpg\"\n\t\t\t\t\t\t     data-thumb=\"https:\/\/www.artybeton.fr\/wp-content\/uploads\/2017\/05\/RIP03-220x300.jpg\"\n\t\t\t\t\t\t     title=\"\"\n\t\t\t\t\t\t     style=\"display:none\">\n\n\t\t\t\t\t\t<img decoding=\"async\" alt=\"RIP02\"\n\t\t\t\t\t\t     src=\"\" data-image=\"https:\/\/www.artybeton.fr\/wp-content\/uploads\/2017\/05\/RIP02.jpg\"\n\t\t\t\t\t\t     data-thumb=\"https:\/\/www.artybeton.fr\/wp-content\/uploads\/2017\/05\/RIP02-219x300.jpg\"\n\t\t\t\t\t\t     title=\"\"\n\t\t\t\t\t\t     style=\"display:none\">\n\n\t\t\t\t\t\t<img decoding=\"async\" alt=\"RIP01jpg\"\n\t\t\t\t\t\t     src=\"\" data-image=\"https:\/\/www.artybeton.fr\/wp-content\/uploads\/2017\/05\/RIP01jpg.jpg\"\n\t\t\t\t\t\t     data-thumb=\"https:\/\/www.artybeton.fr\/wp-content\/uploads\/2017\/05\/RIP01jpg-216x300.jpg\"\n\t\t\t\t\t\t     title=\"\"\n\t\t\t\t\t\t     style=\"display:none\">\n\n\t\t\t\t\t\t<img decoding=\"async\" alt=\"RIP-vert\"\n\t\t\t\t\t\t     src=\"\" data-image=\"https:\/\/www.artybeton.fr\/wp-content\/uploads\/2017\/05\/RIP-vert.jpg\"\n\t\t\t\t\t\t     data-thumb=\"https:\/\/www.artybeton.fr\/wp-content\/uploads\/2017\/05\/RIP-vert-300x139.jpg\"\n\t\t\t\t\t\t     title=\"\"\n\t\t\t\t\t\t     style=\"display:none\">\n\n\t\t\t\t\t\t<img decoding=\"async\" alt=\"RIP-noir\"\n\t\t\t\t\t\t     src=\"\" data-image=\"https:\/\/www.artybeton.fr\/wp-content\/uploads\/2017\/05\/RIP-noir.jpg\"\n\t\t\t\t\t\t     data-thumb=\"https:\/\/www.artybeton.fr\/wp-content\/uploads\/2017\/05\/RIP-noir-224x300.jpg\"\n\t\t\t\t\t\t     title=\"\"\n\t\t\t\t\t\t     style=\"display:none\">\n\n\t\t\t\t\t\t<img decoding=\"async\" alt=\"perdrix-2\"\n\t\t\t\t\t\t     src=\"\" data-image=\"https:\/\/www.artybeton.fr\/wp-content\/uploads\/2017\/05\/perdrix-2.jpg\"\n\t\t\t\t\t\t     data-thumb=\"https:\/\/www.artybeton.fr\/wp-content\/uploads\/2017\/05\/perdrix-2.jpg\"\n\t\t\t\t\t\t     title=\"\"\n\t\t\t\t\t\t     style=\"display:none\">\n\n\t\t\t\t\t\t<img decoding=\"async\" alt=\"perdrix-calp02\"\n\t\t\t\t\t\t     src=\"\" data-image=\"https:\/\/www.artybeton.fr\/wp-content\/uploads\/2017\/05\/perdrix-calp02.jpg\"\n\t\t\t\t\t\t     data-thumb=\"https:\/\/www.artybeton.fr\/wp-content\/uploads\/2017\/05\/perdrix-calp02-298x300.jpg\"\n\t\t\t\t\t\t     title=\"\"\n\t\t\t\t\t\t     style=\"display:none\">\n\n\t\t\t\t\t\t<img decoding=\"async\" alt=\"perdrix-calp (1)\"\n\t\t\t\t\t\t     src=\"\" data-image=\"https:\/\/www.artybeton.fr\/wp-content\/uploads\/2017\/05\/perdrix-calp-1.jpg\"\n\t\t\t\t\t\t     data-thumb=\"https:\/\/www.artybeton.fr\/wp-content\/uploads\/2017\/05\/perdrix-calp-1-300x300.jpg\"\n\t\t\t\t\t\t     title=\"\"\n\t\t\t\t\t\t     style=\"display:none\">\n\t\t\t<\/div>\n\n\t\t\t<script type='text\/javascript'>\n\t\t\t\twindow.onload = function(e) {\n\t\t\t\t\tif(typeof ugCheckForErrors == \"undefined\"){\n\t\t\t\t\t\tdocument.getElementById(\"unitegallery_8_1\").innerHTML = \"<span style='color:red'>Unite Gallery Error - gallery js and css files not included in the footer. Please make sure that wp_footer() function is added to your theme.<\/span>\";}\n\t\t\t\t\telse{ ugCheckForErrors(\"unitegallery_8_1\", \"jquery\");}\n\t\t\t\t};\n\t\t\t<\/script>\n\n\t\t\t<!-- END UNITEGALLERY LITE--><div class=\"fusion-clearfix\"><\/div>\n\n\t\t\t\t\t<\/div>\n\t\t\t\t<\/div><\/div><\/div><div  class=\"fusion-fullwidth fullwidth-box fusion-blend-mode nonhundred-percent-fullwidth\"  style='background-color: rgba(255,255,255,0);background-position: center center;background-repeat: no-repeat;padding-top:0px;padding-right:0px;padding-bottom:0px;padding-left:0px;'><div class=\"fusion-builder-row fusion-row \"><div  class=\"fusion-layout-column fusion_builder_column fusion_builder_column_1_1  fusion-one-full fusion-column-first fusion-column-last 1_1\"  style='margin-top:0px;margin-bottom:20px;'>\n\t\t\t\t\t<div class=\"fusion-column-wrapper\" style=\"background-position:left top;background-repeat:no-repeat;-webkit-background-size:cover;-moz-background-size:cover;-o-background-size:cover;background-size:cover;\"  data-bg-url=\"\">\n\t\t\t\t\t\t<div class=\"fusion-clearfix\"><\/div>\n\n\t\t\t\t\t<\/div>\n\t\t\t\t<\/div><\/div><\/div><\/p>\n","protected":false},"excerpt":{"rendered":"","protected":false},"author":1,"featured_media":0,"parent":0,"menu_order":0,"comment_status":"closed","ping_status":"closed","template":"","meta":{"footnotes":""},"class_list":["post-214","page","type-page","status-publish","hentry"],"translation":{"provider":"WPGlobus","version":"3.0.0","language":"fr","enabled_languages":["fr","gb"],"languages":{"fr":{"title":true,"content":true,"excerpt":false},"gb":{"title":false,"content":false,"excerpt":false}}},"_links":{"self":[{"href":"https:\/\/www.artybeton.fr\/index.php\/wp-json\/wp\/v2\/pages\/214","targetHints":{"allow":["GET"]}}],"collection":[{"href":"https:\/\/www.artybeton.fr\/index.php\/wp-json\/wp\/v2\/pages"}],"about":[{"href":"https:\/\/www.artybeton.fr\/index.php\/wp-json\/wp\/v2\/types\/page"}],"author":[{"embeddable":true,"href":"https:\/\/www.artybeton.fr\/index.php\/wp-json\/wp\/v2\/users\/1"}],"replies":[{"embeddable":true,"href":"https:\/\/www.artybeton.fr\/index.php\/wp-json\/wp\/v2\/comments?post=214"}],"version-history":[{"count":9,"href":"https:\/\/www.artybeton.fr\/index.php\/wp-json\/wp\/v2\/pages\/214\/revisions"}],"predecessor-version":[{"id":624,"href":"https:\/\/www.artybeton.fr\/index.php\/wp-json\/wp\/v2\/pages\/214\/revisions\/624"}],"wp:attachment":[{"href":"https:\/\/www.artybeton.fr\/index.php\/wp-json\/wp\/v2\/media?parent=214"}],"curies":[{"name":"wp","href":"https:\/\/api.w.org\/{rel}","templated":true}]}}