{"id":210,"date":"2017-05-16T11:33:42","date_gmt":"2017-05-16T09:33:42","guid":{"rendered":"http:\/\/www.artybeton.fr\/?page_id=210"},"modified":"2017-06-01T17:10:10","modified_gmt":"2017-06-01T15:10:10","slug":"beton-optique","status":"publish","type":"page","link":"https:\/\/www.artybeton.fr\/index.php\/beton-optique\/","title":{"rendered":"B\u00e9ton Optique"},"content":{"rendered":"<p><div  class=\"fusion-fullwidth fullwidth-box fusion-blend-mode nonhundred-percent-fullwidth fusion-no-medium-visibility\"  style='background-color: rgba(255,255,255,0);background-position: center center;background-repeat: no-repeat;padding-top:0px;padding-right:0px;padding-bottom:0px;padding-left:0px;'><div class=\"fusion-builder-row fusion-row \"><div  class=\"fusion-layout-column fusion_builder_column fusion_builder_column_1_1  fusion-one-full fusion-column-first fusion-column-last 1_1\"  style='margin-top:0px;margin-bottom:20px;'>\n\t\t\t\t\t<div class=\"fusion-column-wrapper\" style=\"background-position:left top;background-repeat:no-repeat;-webkit-background-size:cover;-moz-background-size:cover;-o-background-size:cover;background-size:cover;\"  data-bg-url=\"\">\n\t\t\t\t\t\t<p class=\"p1\" style=\"text-align: center;\">Le B\u00e9ton Optique est graphique et tr\u00e8s contemporain.<br \/>\nBas relief aux motifs issus du r\u00e8gne animal ou du dessin vectoriel, il allie la haute d\u00e9finition et l\u2019inspiration cr\u00e9atrice.<br \/>\nLa subtilit\u00e9 du rendu est assez spectaculaire, le moindre d\u00e9tail, dans toute sa finesse, se retrouve dans la mati\u00e8re.<\/p>\n\r\n\t\t\t\t\t\n\r\n\t\t\t\t\t<!-- START UNITE GALLERY LITE 1.7.44 -->\r\n\t\t\t\t\t\r\n\t\t\t\t\n\t\t\t<div id='unitegallery_7_1' class='unite-gallery' style='margin:0px auto;margin-top:30px;margin-bottom:30px;'>\n\t\t\t\t\n\n\t\t\t\t\t\t<img decoding=\"async\" alt=\"oussour11\"\n\t\t\t\t\t\t     src=\"\" data-image=\"https:\/\/www.artybeton.fr\/wp-content\/uploads\/2017\/05\/oussour11.jpg\"\n\t\t\t\t\t\t     data-thumb=\"https:\/\/www.artybeton.fr\/wp-content\/uploads\/2017\/05\/oussour11-298x300.jpg\"\n\t\t\t\t\t\t     title=\"\"\n\t\t\t\t\t\t     style=\"display:none\">\n\n\t\t\t\t\t\t<img decoding=\"async\" alt=\"oussour\"\n\t\t\t\t\t\t     src=\"\" data-image=\"https:\/\/www.artybeton.fr\/wp-content\/uploads\/2017\/05\/oussour.jpg\"\n\t\t\t\t\t\t     data-thumb=\"https:\/\/www.artybeton.fr\/wp-content\/uploads\/2017\/05\/oussour-300x225.jpg\"\n\t\t\t\t\t\t     title=\"\"\n\t\t\t\t\t\t     style=\"display:none\">\n\n\t\t\t\t\t\t<img decoding=\"async\" alt=\"oussour02\"\n\t\t\t\t\t\t     src=\"\" data-image=\"https:\/\/www.artybeton.fr\/wp-content\/uploads\/2017\/05\/oussour02.jpg\"\n\t\t\t\t\t\t     data-thumb=\"https:\/\/www.artybeton.fr\/wp-content\/uploads\/2017\/05\/oussour02-300x225.jpg\"\n\t\t\t\t\t\t     title=\"\"\n\t\t\t\t\t\t     style=\"display:none\">\n\n\t\t\t\t\t\t<img decoding=\"async\" alt=\"oussour03\"\n\t\t\t\t\t\t     src=\"\" data-image=\"https:\/\/www.artybeton.fr\/wp-content\/uploads\/2017\/05\/oussour03.jpg\"\n\t\t\t\t\t\t     data-thumb=\"https:\/\/www.artybeton.fr\/wp-content\/uploads\/2017\/05\/oussour03-300x225.jpg\"\n\t\t\t\t\t\t     title=\"\"\n\t\t\t\t\t\t     style=\"display:none\">\n\n\t\t\t\t\t\t<img decoding=\"async\" alt=\"serpent-det01\"\n\t\t\t\t\t\t     src=\"\" data-image=\"https:\/\/www.artybeton.fr\/wp-content\/uploads\/2017\/05\/serpent-det01.jpg\"\n\t\t\t\t\t\t     data-thumb=\"https:\/\/www.artybeton.fr\/wp-content\/uploads\/2017\/05\/serpent-det01-300x205.jpg\"\n\t\t\t\t\t\t     title=\"\"\n\t\t\t\t\t\t     style=\"display:none\">\n\n\t\t\t\t\t\t<img decoding=\"async\" alt=\"serpent-det02\"\n\t\t\t\t\t\t     src=\"\" data-image=\"https:\/\/www.artybeton.fr\/wp-content\/uploads\/2017\/05\/serpent-det02.jpg\"\n\t\t\t\t\t\t     data-thumb=\"https:\/\/www.artybeton.fr\/wp-content\/uploads\/2017\/05\/serpent-det02-300x199.jpg\"\n\t\t\t\t\t\t     title=\"\"\n\t\t\t\t\t\t     style=\"display:none\">\n\n\t\t\t\t\t\t<img decoding=\"async\" alt=\"filaire022\"\n\t\t\t\t\t\t     src=\"\" data-image=\"https:\/\/www.artybeton.fr\/wp-content\/uploads\/2017\/05\/filaire022.jpg\"\n\t\t\t\t\t\t     data-thumb=\"https:\/\/www.artybeton.fr\/wp-content\/uploads\/2017\/05\/filaire022-300x225.jpg\"\n\t\t\t\t\t\t     title=\"\"\n\t\t\t\t\t\t     style=\"display:none\">\n\n\t\t\t\t\t\t<img decoding=\"async\" alt=\"filaire02\"\n\t\t\t\t\t\t     src=\"\" data-image=\"https:\/\/www.artybeton.fr\/wp-content\/uploads\/2017\/05\/filaire02.jpg\"\n\t\t\t\t\t\t     data-thumb=\"https:\/\/www.artybeton.fr\/wp-content\/uploads\/2017\/05\/filaire02-300x225.jpg\"\n\t\t\t\t\t\t     title=\"\"\n\t\t\t\t\t\t     style=\"display:none\">\n\n\t\t\t\t\t\t<img decoding=\"async\" alt=\"filaire01\"\n\t\t\t\t\t\t     src=\"\" data-image=\"https:\/\/www.artybeton.fr\/wp-content\/uploads\/2017\/05\/filaire01.jpg\"\n\t\t\t\t\t\t     data-thumb=\"https:\/\/www.artybeton.fr\/wp-content\/uploads\/2017\/05\/filaire01-300x225.jpg\"\n\t\t\t\t\t\t     title=\"\"\n\t\t\t\t\t\t     style=\"display:none\">\n\n\t\t\t\t\t\t<img decoding=\"async\" alt=\"sphere-vrac\"\n\t\t\t\t\t\t     src=\"\" data-image=\"https:\/\/www.artybeton.fr\/wp-content\/uploads\/2017\/05\/sphere-vrac.jpg\"\n\t\t\t\t\t\t     data-thumb=\"https:\/\/www.artybeton.fr\/wp-content\/uploads\/2017\/05\/sphere-vrac-300x225.jpg\"\n\t\t\t\t\t\t     title=\"\"\n\t\t\t\t\t\t     style=\"display:none\">\n\n\t\t\t\t\t\t<img decoding=\"async\" alt=\"11-Data Love\"\n\t\t\t\t\t\t     src=\"\" data-image=\"https:\/\/www.artybeton.fr\/wp-content\/uploads\/2017\/05\/11-Data-Love.jpg\"\n\t\t\t\t\t\t     data-thumb=\"https:\/\/www.artybeton.fr\/wp-content\/uploads\/2017\/05\/11-Data-Love-300x158.jpg\"\n\t\t\t\t\t\t     title=\"\"\n\t\t\t\t\t\t     style=\"display:none\">\n\n\t\t\t\t\t\t<img decoding=\"async\" alt=\"Mitsuo1\"\n\t\t\t\t\t\t     src=\"\" data-image=\"https:\/\/www.artybeton.fr\/wp-content\/uploads\/2017\/05\/Mitsuo1.jpg\"\n\t\t\t\t\t\t     data-thumb=\"https:\/\/www.artybeton.fr\/wp-content\/uploads\/2017\/05\/Mitsuo1-300x300.jpg\"\n\t\t\t\t\t\t     title=\"\"\n\t\t\t\t\t\t     style=\"display:none\">\n\n\t\t\t\t\t\t<img decoding=\"async\" alt=\"Filaire-turquoise\"\n\t\t\t\t\t\t     src=\"\" data-image=\"https:\/\/www.artybeton.fr\/wp-content\/uploads\/2017\/05\/Filaire-turquoise.jpg\"\n\t\t\t\t\t\t     data-thumb=\"https:\/\/www.artybeton.fr\/wp-content\/uploads\/2017\/05\/Filaire-turquoise-300x225.jpg\"\n\t\t\t\t\t\t     title=\"\"\n\t\t\t\t\t\t     style=\"display:none\">\n\n\t\t\t\t\t\t<img decoding=\"async\" alt=\"compo-brun-mauve\"\n\t\t\t\t\t\t     src=\"\" data-image=\"https:\/\/www.artybeton.fr\/wp-content\/uploads\/2017\/05\/compo-brun-mauve.jpg\"\n\t\t\t\t\t\t     data-thumb=\"https:\/\/www.artybeton.fr\/wp-content\/uploads\/2017\/05\/compo-brun-mauve-300x225.jpg\"\n\t\t\t\t\t\t     title=\"\"\n\t\t\t\t\t\t     style=\"display:none\">\n\n\t\t\t\t\t\t<img decoding=\"async\" alt=\"filaire-blanc\"\n\t\t\t\t\t\t     src=\"\" data-image=\"https:\/\/www.artybeton.fr\/wp-content\/uploads\/2017\/05\/filaire-blanc.jpg\"\n\t\t\t\t\t\t     data-thumb=\"https:\/\/www.artybeton.fr\/wp-content\/uploads\/2017\/05\/filaire-blanc-300x197.jpg\"\n\t\t\t\t\t\t     title=\"\"\n\t\t\t\t\t\t     style=\"display:none\">\n\t\t\t<\/div>\n\n\t\t\t<script type='text\/javascript'>\n\t\t\t\twindow.onload = function(e) {\n\t\t\t\t\tif(typeof ugCheckForErrors == \"undefined\"){\n\t\t\t\t\t\tdocument.getElementById(\"unitegallery_7_1\").innerHTML = \"<span style='color:red'>Unite Gallery Error - gallery js and css files not included in the footer. Please make sure that wp_footer() function is added to your theme.<\/span>\";}\n\t\t\t\t\telse{ ugCheckForErrors(\"unitegallery_7_1\", \"jquery\");}\n\t\t\t\t};\n\t\t\t<\/script>\n\n\t\t\t<!-- END UNITEGALLERY LITE--><div class=\"fusion-clearfix\"><\/div>\n\n\t\t\t\t\t<\/div>\n\t\t\t\t<\/div><\/div><\/div><div  class=\"fusion-fullwidth fullwidth-box fusion-blend-mode nonhundred-percent-fullwidth\"  style='background-color: rgba(255,255,255,0);background-position: center center;background-repeat: no-repeat;padding-top:0px;padding-right:0px;padding-bottom:0px;padding-left:0px;'><div class=\"fusion-builder-row fusion-row \"><div  class=\"fusion-layout-column fusion_builder_column fusion_builder_column_1_1  fusion-one-full fusion-column-first fusion-column-last 1_1\"  style='margin-top:0px;margin-bottom:20px;'>\n\t\t\t\t\t<div class=\"fusion-column-wrapper\" style=\"background-position:left top;background-repeat:no-repeat;-webkit-background-size:cover;-moz-background-size:cover;-o-background-size:cover;background-size:cover;\"  data-bg-url=\"\">\n\t\t\t\t\t\t<div class=\"fusion-clearfix\"><\/div>\n\n\t\t\t\t\t<\/div>\n\t\t\t\t<\/div><\/div><\/div><\/p>\n","protected":false},"excerpt":{"rendered":"","protected":false},"author":1,"featured_media":0,"parent":0,"menu_order":0,"comment_status":"closed","ping_status":"closed","template":"","meta":{"footnotes":""},"class_list":["post-210","page","type-page","status-publish","hentry"],"translation":{"provider":"WPGlobus","version":"3.0.0","language":"fr","enabled_languages":["fr","gb"],"languages":{"fr":{"title":true,"content":true,"excerpt":false},"gb":{"title":false,"content":false,"excerpt":false}}},"_links":{"self":[{"href":"https:\/\/www.artybeton.fr\/index.php\/wp-json\/wp\/v2\/pages\/210","targetHints":{"allow":["GET"]}}],"collection":[{"href":"https:\/\/www.artybeton.fr\/index.php\/wp-json\/wp\/v2\/pages"}],"about":[{"href":"https:\/\/www.artybeton.fr\/index.php\/wp-json\/wp\/v2\/types\/page"}],"author":[{"embeddable":true,"href":"https:\/\/www.artybeton.fr\/index.php\/wp-json\/wp\/v2\/users\/1"}],"replies":[{"embeddable":true,"href":"https:\/\/www.artybeton.fr\/index.php\/wp-json\/wp\/v2\/comments?post=210"}],"version-history":[{"count":11,"href":"https:\/\/www.artybeton.fr\/index.php\/wp-json\/wp\/v2\/pages\/210\/revisions"}],"predecessor-version":[{"id":622,"href":"https:\/\/www.artybeton.fr\/index.php\/wp-json\/wp\/v2\/pages\/210\/revisions\/622"}],"wp:attachment":[{"href":"https:\/\/www.artybeton.fr\/index.php\/wp-json\/wp\/v2\/media?parent=210"}],"curies":[{"name":"wp","href":"https:\/\/api.w.org\/{rel}","templated":true}]}}