{"id":189,"date":"2017-05-16T11:19:53","date_gmt":"2017-05-16T09:19:53","guid":{"rendered":"http:\/\/www.artybeton.fr\/?page_id=189"},"modified":"2017-11-08T14:30:35","modified_gmt":"2017-11-08T13:30:35","slug":"designer","status":"publish","type":"page","link":"https:\/\/www.artybeton.fr\/index.php\/designer\/","title":{"rendered":"Designer"},"content":{"rendered":"<div  class=\"fusion-fullwidth fullwidth-box fusion-blend-mode nonhundred-percent-fullwidth\"  style='background-color: rgba(255,255,255,0);background-position: center center;background-repeat: no-repeat;padding-top:0px;padding-right:0px;padding-bottom:0px;padding-left:0px;'><div class=\"fusion-builder-row fusion-row \"><div  class=\"fusion-layout-column fusion_builder_column fusion_builder_column_1_1  fusion-one-full fusion-column-first fusion-column-last 1_1\"  style='margin-top:0px;margin-bottom:20px;'>\n\t\t\t\t\t<div class=\"fusion-column-wrapper\" style=\"background-position:left top;background-repeat:no-repeat;-webkit-background-size:cover;-moz-background-size:cover;-o-background-size:cover;background-size:cover;\"  data-bg-url=\"\">\n\t\t\t\t\t\t<div class=\"fusion-clearfix\"><\/div>\n\n\t\t\t\t\t<\/div>\n\t\t\t\t<\/div><div  class=\"fusion-layout-column fusion_builder_column fusion_builder_column_1_3  fusion-one-third fusion-column-first 1_3\"  style='margin-top:0px;margin-bottom:20px;width:33.33%;width:calc(33.33% - ( ( 4% ) * 0.3333 ) );margin-right: 4%;'>\n\t\t\t\t\t<div class=\"fusion-column-wrapper\" style=\"background-position:left top;background-repeat:no-repeat;-webkit-background-size:cover;-moz-background-size:cover;-o-background-size:cover;background-size:cover;\"  data-bg-url=\"\">\n\t\t\t\t\t\t<div class=\"imageframe-align-center\"><span class=\"fusion-imageframe imageframe-none imageframe-1 hover-type-none\"><img loading=\"lazy\" decoding=\"async\" src=\"http:\/\/www.artybeton.fr\/wp-content\/uploads\/2017\/05\/bertille-gentil-199x300.jpg\" width=\"199\" height=\"300\" alt=\"\" title=\"bertille-gentil\" class=\"img-responsive wp-image-729\" srcset=\"https:\/\/www.artybeton.fr\/wp-content\/uploads\/2017\/05\/bertille-gentil-200x302.jpg 200w, https:\/\/www.artybeton.fr\/wp-content\/uploads\/2017\/05\/bertille-gentil-400x603.jpg 400w, https:\/\/www.artybeton.fr\/wp-content\/uploads\/2017\/05\/bertille-gentil.jpg 588w\" sizes=\"auto, (max-width: 805px) 100vw, 1100px\" \/><\/span><\/div><p style=\"text-align: center;\">Photo Sylvie Marcombe<\/p>\n<div class=\"fusion-clearfix\"><\/div>\n\n\t\t\t\t\t<\/div>\n\t\t\t\t<\/div><div  class=\"fusion-layout-column fusion_builder_column fusion_builder_column_2_3  fusion-two-third fusion-column-last 2_3\"  style='margin-top:0px;margin-bottom:20px;width:66.66%;width:calc(66.66% - ( ( 4% ) * 0.6666 ) );'>\n\t\t\t\t\t<div class=\"fusion-column-wrapper\" style=\"background-position:left top;background-repeat:no-repeat;-webkit-background-size:cover;-moz-background-size:cover;-o-background-size:cover;background-size:cover;\"  data-bg-url=\"\">\n\t\t\t\t\t\t<p class=\"p1\" style=\"text-align: left;\">Designer<\/p>\n<p class=\"p1\" style=\"text-align: left;\">Bertille Gentil<\/p>\n<p class=\"p1\" style=\"text-align: left;\">Formation<\/p>\n<p style=\"text-align: left;\">ENSAD<br \/>\n\u00c9cole Nationale Sup\u00e9rieure des Arts D\u00e9coratifs &#8211; Paris<\/p>\n<p class=\"p1\" style=\"text-align: left;\">ESD<br \/>\n\u00c9cole Sup\u00e9rieure du Digital &#8211; Paris<\/p>\n<div class=\"fusion-clearfix\"><\/div>\n\n\t\t\t\t\t<\/div>\n\t\t\t\t<\/div><\/div><\/div>\n","protected":false},"excerpt":{"rendered":"","protected":false},"author":1,"featured_media":0,"parent":0,"menu_order":0,"comment_status":"closed","ping_status":"closed","template":"","meta":{"footnotes":""},"class_list":["post-189","page","type-page","status-publish","hentry"],"translation":{"provider":"WPGlobus","version":"3.0.0","language":"fr","enabled_languages":["fr","gb"],"languages":{"fr":{"title":true,"content":true,"excerpt":false},"gb":{"title":false,"content":false,"excerpt":false}}},"_links":{"self":[{"href":"https:\/\/www.artybeton.fr\/index.php\/wp-json\/wp\/v2\/pages\/189","targetHints":{"allow":["GET"]}}],"collection":[{"href":"https:\/\/www.artybeton.fr\/index.php\/wp-json\/wp\/v2\/pages"}],"about":[{"href":"https:\/\/www.artybeton.fr\/index.php\/wp-json\/wp\/v2\/types\/page"}],"author":[{"embeddable":true,"href":"https:\/\/www.artybeton.fr\/index.php\/wp-json\/wp\/v2\/users\/1"}],"replies":[{"embeddable":true,"href":"https:\/\/www.artybeton.fr\/index.php\/wp-json\/wp\/v2\/comments?post=189"}],"version-history":[{"count":28,"href":"https:\/\/www.artybeton.fr\/index.php\/wp-json\/wp\/v2\/pages\/189\/revisions"}],"predecessor-version":[{"id":737,"href":"https:\/\/www.artybeton.fr\/index.php\/wp-json\/wp\/v2\/pages\/189\/revisions\/737"}],"wp:attachment":[{"href":"https:\/\/www.artybeton.fr\/index.php\/wp-json\/wp\/v2\/media?parent=189"}],"curies":[{"name":"wp","href":"https:\/\/api.w.org\/{rel}","templated":true}]}}