{"id":178,"date":"2017-05-16T11:17:46","date_gmt":"2017-05-16T09:17:46","guid":{"rendered":"http:\/\/www.artybeton.fr\/?page_id=178"},"modified":"2017-06-01T16:50:12","modified_gmt":"2017-06-01T14:50:12","slug":"tires-a-part","status":"publish","type":"page","link":"https:\/\/www.artybeton.fr\/index.php\/tires-a-part\/","title":{"rendered":"Tir\u00e9s \u00e0 part"},"content":{"rendered":"<div  class=\"fusion-fullwidth fullwidth-box fusion-blend-mode nonhundred-percent-fullwidth\"  style='background-color: rgba(255,255,255,0);background-position: center center;background-repeat: no-repeat;padding-top:0px;padding-right:0px;padding-bottom:0px;padding-left:0px;'><div class=\"fusion-builder-row fusion-row \"><div  class=\"fusion-layout-column fusion_builder_column fusion_builder_column_1_1  fusion-one-full fusion-column-first fusion-column-last 1_1\"  style='margin-top:0px;margin-bottom:20px;'>\n\t\t\t\t\t<div class=\"fusion-column-wrapper\" style=\"background-position:left top;background-repeat:no-repeat;-webkit-background-size:cover;-moz-background-size:cover;-o-background-size:cover;background-size:cover;\"  data-bg-url=\"\">\n\t\t\t\t\t\t<p class=\"p1\" style=\"text-align: center;\">Patines et dorures.<br \/>\nPour un rendu tr\u00e8s subtil, Bertille Gentil patine les pi\u00e8ces, r\u00e9v\u00e9lant une sensibilit\u00e9 in\u00e9dite dans l\u2019univers du b\u00e9ton.<br \/>\nARTY BETON adore aussi se faire recouvrir de toutes sortes de m\u00e9taux, Or, Argent, Aluminium&#8230;<\/p>\n\r\n\t\t\t\t\t\n\r\n\t\t\t\t\t<!-- START UNITE GALLERY LITE 1.7.44 -->\r\n\t\t\t\t\t\r\n\t\t\t\t\n\t\t\t<div id='unitegallery_13_1' class='unite-gallery' style='margin:0px auto;margin-top:30px;margin-bottom:30px;'>\n\t\t\t\t\n\n\t\t\t\t\t\t<img decoding=\"async\" alt=\"aluminium-a-la-feuille\"\n\t\t\t\t\t\t     src=\"\" data-image=\"https:\/\/www.artybeton.fr\/wp-content\/uploads\/2017\/05\/aluminium-a-la-feuille.jpg\"\n\t\t\t\t\t\t     data-thumb=\"https:\/\/www.artybeton.fr\/wp-content\/uploads\/2017\/05\/aluminium-a-la-feuille-300x300.jpg\"\n\t\t\t\t\t\t     title=\"\"\n\t\t\t\t\t\t     style=\"display:none\">\n\n\t\t\t\t\t\t<img decoding=\"async\" alt=\"souple-bleu\"\n\t\t\t\t\t\t     src=\"\" data-image=\"https:\/\/www.artybeton.fr\/wp-content\/uploads\/2017\/05\/souple-bleu.jpg\"\n\t\t\t\t\t\t     data-thumb=\"https:\/\/www.artybeton.fr\/wp-content\/uploads\/2017\/05\/souple-bleu-219x300.jpg\"\n\t\t\t\t\t\t     title=\"\"\n\t\t\t\t\t\t     style=\"display:none\">\n\n\t\t\t\t\t\t<img decoding=\"async\" alt=\"dorure-a-la-feuille\"\n\t\t\t\t\t\t     src=\"\" data-image=\"https:\/\/www.artybeton.fr\/wp-content\/uploads\/2017\/05\/dorure-a-la-feuille.jpg\"\n\t\t\t\t\t\t     data-thumb=\"https:\/\/www.artybeton.fr\/wp-content\/uploads\/2017\/05\/dorure-a-la-feuille-300x278.jpg\"\n\t\t\t\t\t\t     title=\"\"\n\t\t\t\t\t\t     style=\"display:none\">\n\n\t\t\t\t\t\t<img decoding=\"async\" alt=\"Gd-Souple-de\u0301tail\"\n\t\t\t\t\t\t     src=\"\" data-image=\"https:\/\/www.artybeton.fr\/wp-content\/uploads\/2017\/05\/Gd-Souple-de\u0301tail.jpg\"\n\t\t\t\t\t\t     data-thumb=\"https:\/\/www.artybeton.fr\/wp-content\/uploads\/2017\/05\/Gd-Souple-de\u0301tail-300x204.jpg\"\n\t\t\t\t\t\t     title=\"\"\n\t\t\t\t\t\t     style=\"display:none\">\n\n\t\t\t\t\t\t<img decoding=\"async\" alt=\"flore-gris2\"\n\t\t\t\t\t\t     src=\"\" data-image=\"https:\/\/www.artybeton.fr\/wp-content\/uploads\/2017\/05\/flore-gris2.jpg\"\n\t\t\t\t\t\t     data-thumb=\"https:\/\/www.artybeton.fr\/wp-content\/uploads\/2017\/05\/flore-gris2-300x219.jpg\"\n\t\t\t\t\t\t     title=\"\"\n\t\t\t\t\t\t     style=\"display:none\">\n\n\t\t\t\t\t\t<img decoding=\"async\" alt=\"mitsouo\"\n\t\t\t\t\t\t     src=\"\" data-image=\"https:\/\/www.artybeton.fr\/wp-content\/uploads\/2017\/05\/mitsouo.jpg\"\n\t\t\t\t\t\t     data-thumb=\"https:\/\/www.artybeton.fr\/wp-content\/uploads\/2017\/05\/mitsouo-300x296.jpg\"\n\t\t\t\t\t\t     title=\"\"\n\t\t\t\t\t\t     style=\"display:none\">\n\n\t\t\t\t\t\t<img decoding=\"async\" alt=\"Theiere\"\n\t\t\t\t\t\t     src=\"\" data-image=\"https:\/\/www.artybeton.fr\/wp-content\/uploads\/2017\/05\/Theiere.jpg\"\n\t\t\t\t\t\t     data-thumb=\"https:\/\/www.artybeton.fr\/wp-content\/uploads\/2017\/05\/Theiere.jpg\"\n\t\t\t\t\t\t     title=\"\"\n\t\t\t\t\t\t     style=\"display:none\">\n\n\t\t\t\t\t\t<img decoding=\"async\" alt=\"flore-bleu\"\n\t\t\t\t\t\t     src=\"\" data-image=\"https:\/\/www.artybeton.fr\/wp-content\/uploads\/2017\/05\/flore-bleu.jpg\"\n\t\t\t\t\t\t     data-thumb=\"https:\/\/www.artybeton.fr\/wp-content\/uploads\/2017\/05\/flore-bleu-300x210.jpg\"\n\t\t\t\t\t\t     title=\"\"\n\t\t\t\t\t\t     style=\"display:none\">\n\n\t\t\t\t\t\t<img decoding=\"async\" alt=\"perdrix\"\n\t\t\t\t\t\t     src=\"\" data-image=\"https:\/\/www.artybeton.fr\/wp-content\/uploads\/2017\/05\/perdrix.jpg\"\n\t\t\t\t\t\t     data-thumb=\"https:\/\/www.artybeton.fr\/wp-content\/uploads\/2017\/05\/perdrix-300x285.jpg\"\n\t\t\t\t\t\t     title=\"\"\n\t\t\t\t\t\t     style=\"display:none\">\n\n\t\t\t\t\t\t<img decoding=\"async\" alt=\"Tirage-avril--(4)\"\n\t\t\t\t\t\t     src=\"\" data-image=\"https:\/\/www.artybeton.fr\/wp-content\/uploads\/2017\/05\/Tirage-avril-4.jpg\"\n\t\t\t\t\t\t     data-thumb=\"https:\/\/www.artybeton.fr\/wp-content\/uploads\/2017\/05\/Tirage-avril-4-300x286.jpg\"\n\t\t\t\t\t\t     title=\"\"\n\t\t\t\t\t\t     style=\"display:none\">\n\n\t\t\t\t\t\t<img decoding=\"async\" alt=\"filaire\"\n\t\t\t\t\t\t     src=\"\" data-image=\"https:\/\/www.artybeton.fr\/wp-content\/uploads\/2017\/05\/filaire.jpg\"\n\t\t\t\t\t\t     data-thumb=\"https:\/\/www.artybeton.fr\/wp-content\/uploads\/2017\/05\/filaire-300x290.jpg\"\n\t\t\t\t\t\t     title=\"\"\n\t\t\t\t\t\t     style=\"display:none\">\n\n\t\t\t\t\t\t<img decoding=\"async\" alt=\"lezard-bleu\"\n\t\t\t\t\t\t     src=\"\" data-image=\"https:\/\/www.artybeton.fr\/wp-content\/uploads\/2017\/05\/lezard-bleu.jpg\"\n\t\t\t\t\t\t     data-thumb=\"https:\/\/www.artybeton.fr\/wp-content\/uploads\/2017\/05\/lezard-bleu-300x144.jpg\"\n\t\t\t\t\t\t     title=\"\"\n\t\t\t\t\t\t     style=\"display:none\">\n\n\t\t\t\t\t\t<img decoding=\"async\" alt=\"ambert01\"\n\t\t\t\t\t\t     src=\"\" data-image=\"https:\/\/www.artybeton.fr\/wp-content\/uploads\/2017\/05\/ambert01.jpg\"\n\t\t\t\t\t\t     data-thumb=\"https:\/\/www.artybeton.fr\/wp-content\/uploads\/2017\/05\/ambert01-300x189.jpg\"\n\t\t\t\t\t\t     title=\"\"\n\t\t\t\t\t\t     style=\"display:none\">\n\n\t\t\t\t\t\t<img decoding=\"async\" alt=\"ambert03\"\n\t\t\t\t\t\t     src=\"\" data-image=\"https:\/\/www.artybeton.fr\/wp-content\/uploads\/2017\/05\/ambert03.jpg\"\n\t\t\t\t\t\t     data-thumb=\"https:\/\/www.artybeton.fr\/wp-content\/uploads\/2017\/05\/ambert03-300x219.jpg\"\n\t\t\t\t\t\t     title=\"\"\n\t\t\t\t\t\t     style=\"display:none\">\n\n\t\t\t\t\t\t<img decoding=\"async\" alt=\"ambert02\"\n\t\t\t\t\t\t     src=\"\" data-image=\"https:\/\/www.artybeton.fr\/wp-content\/uploads\/2017\/05\/ambert02.jpg\"\n\t\t\t\t\t\t     data-thumb=\"https:\/\/www.artybeton.fr\/wp-content\/uploads\/2017\/05\/ambert02-225x300.jpg\"\n\t\t\t\t\t\t     title=\"\"\n\t\t\t\t\t\t     style=\"display:none\">\n\t\t\t<\/div>\n\n\t\t\t<script type='text\/javascript'>\n\t\t\t\twindow.onload = function(e) {\n\t\t\t\t\tif(typeof ugCheckForErrors == \"undefined\"){\n\t\t\t\t\t\tdocument.getElementById(\"unitegallery_13_1\").innerHTML = \"<span style='color:red'>Unite Gallery Error - gallery js and css files not included in the footer. Please make sure that wp_footer() function is added to your theme.<\/span>\";}\n\t\t\t\t\telse{ ugCheckForErrors(\"unitegallery_13_1\", \"jquery\");}\n\t\t\t\t};\n\t\t\t<\/script>\n\n\t\t\t<!-- END UNITEGALLERY LITE--><div class=\"fusion-clearfix\"><\/div>\n\n\t\t\t\t\t<\/div>\n\t\t\t\t<\/div><\/div><\/div>\n","protected":false},"excerpt":{"rendered":"","protected":false},"author":1,"featured_media":0,"parent":0,"menu_order":0,"comment_status":"closed","ping_status":"closed","template":"","meta":{"footnotes":""},"class_list":["post-178","page","type-page","status-publish","hentry"],"translation":{"provider":"WPGlobus","version":"3.0.0","language":"fr","enabled_languages":["fr","gb"],"languages":{"fr":{"title":true,"content":true,"excerpt":false},"gb":{"title":false,"content":false,"excerpt":false}}},"_links":{"self":[{"href":"https:\/\/www.artybeton.fr\/index.php\/wp-json\/wp\/v2\/pages\/178","targetHints":{"allow":["GET"]}}],"collection":[{"href":"https:\/\/www.artybeton.fr\/index.php\/wp-json\/wp\/v2\/pages"}],"about":[{"href":"https:\/\/www.artybeton.fr\/index.php\/wp-json\/wp\/v2\/types\/page"}],"author":[{"embeddable":true,"href":"https:\/\/www.artybeton.fr\/index.php\/wp-json\/wp\/v2\/users\/1"}],"replies":[{"embeddable":true,"href":"https:\/\/www.artybeton.fr\/index.php\/wp-json\/wp\/v2\/comments?post=178"}],"version-history":[{"count":8,"href":"https:\/\/www.artybeton.fr\/index.php\/wp-json\/wp\/v2\/pages\/178\/revisions"}],"predecessor-version":[{"id":604,"href":"https:\/\/www.artybeton.fr\/index.php\/wp-json\/wp\/v2\/pages\/178\/revisions\/604"}],"wp:attachment":[{"href":"https:\/\/www.artybeton.fr\/index.php\/wp-json\/wp\/v2\/media?parent=178"}],"curies":[{"name":"wp","href":"https:\/\/api.w.org\/{rel}","templated":true}]}}