{"id":629,"date":"2017-06-02T15:15:10","date_gmt":"2017-06-02T13:15:10","guid":{"rendered":"http:\/\/www.artybeton.fr\/?page_id=629"},"modified":"2017-06-02T15:42:08","modified_gmt":"2017-06-02T13:42:08","slug":"fiche-technique","status":"publish","type":"page","link":"https:\/\/www.artybeton.fr\/gb\/index.php\/fiche-technique\/","title":{"rendered":"Fiche technique"},"content":{"rendered":"<div  class=\"fusion-fullwidth fullwidth-box fusion-blend-mode nonhundred-percent-fullwidth\"  style='background-color: rgba(255,255,255,0);background-position: center center;background-repeat: no-repeat;padding-top:0px;padding-right:0px;padding-bottom:0px;padding-left:0px;'><div class=\"fusion-builder-row fusion-row \"><div  class=\"fusion-layout-column fusion_builder_column fusion_builder_column_1_1  fusion-one-full fusion-column-first fusion-column-last 1_1\"  style='margin-top:0px;margin-bottom:20px;'>\n\t\t\t\t\t<div class=\"fusion-column-wrapper\" style=\"background-position:left top;background-repeat:no-repeat;-webkit-background-size:cover;-moz-background-size:cover;-o-background-size:cover;background-size:cover;\"  data-bg-url=\"\">\n\t\t\t\t\t\t<div class=\"imageframe-align-center\"><span class=\"fusion-imageframe imageframe-none imageframe-1 hover-type-zoomin\"><img loading=\"lazy\" decoding=\"async\" src=\"http:\/\/www.artybeton.fr\/wp-content\/uploads\/2017\/05\/Capture-d\u2019e\u0301cran-2017-05-16-a\u0300-15.01.23-e1495896255135.png\" width=\"100\" height=\"100\" alt=\"\" title=\"Capture d\u2019e\u0301cran 2017-05-16 a\u0300 15.01.23\" class=\"img-responsive wp-image-298\"\/><\/span><\/div><p style=\"text-align: center;\">\u00b0<\/p>\n<h3 style=\"text-align: center;\"><a href=\"http:\/\/www.artybeton.fr\/wp-content\/uploads\/2017\/05\/Fiche-Techn-ART-BETON.pdf\">T\u00e9l\u00e9charger la fiche technique<\/a><\/h3>\n<div class=\"fusion-builder-row fusion-builder-row-inner fusion-row \"><div  class=\"fusion-layout-column fusion_builder_column fusion_builder_column_1_5  fusion-one-fifth fusion-column-first fusion-one-fifth fusion-column-first 1_5\"  style='margin-top: 0px;margin-bottom: 20px;width:20%;width:calc(20% - ( ( 4% + 4% ) * 0.2 ) );margin-right:4%;'>\n\t\t\t\t\t<div class=\"fusion-column-wrapper\" style=\"background-position:left top;background-repeat:no-repeat;-webkit-background-size:cover;-moz-background-size:cover;-o-background-size:cover;background-size:cover;\"  data-bg-url=\"\">\n\t\t\t\t\t\t\n\n\t\t\t\t\t<\/div>\n\t\t\t\t<\/div><div  class=\"fusion-layout-column fusion_builder_column fusion_builder_column_3_5  fusion-three-fifth fusion-three-fifth 3_5\"  style='margin-top: 0px;margin-bottom: 20px;width:60%;width:calc(60% - ( ( 4% + 4% ) * 0.6 ) );margin-right:4%;'>\n\t\t\t\t\t<div class=\"fusion-column-wrapper\" style=\"background-position:left top;background-repeat:no-repeat;-webkit-background-size:cover;-moz-background-size:cover;-o-background-size:cover;background-size:cover;\"  data-bg-url=\"\">\n\t\t\t\t\t\t<h3 class=\"p1\" style=\"text-align: center;\">Plaque seule<\/h3>\n<p class=\"p2\" style=\"text-align: left;\">B\u00e9ton fibr\u00e9 haute performance BFHP<br \/>\nProt\u00e9g\u00e9e en usine parune lasure anti-mousse et anti-t\u00e2ches<br \/>\nDensit\u00e9 au m2 : 2 \u00e0 2,1 gr \/ cm3<br \/>\nModule d\u2019\u00e9lasticit\u00e9 : 28 000 MPa<br \/>\nR\u00e9sistance en compression : 100-120 MPa<br \/>\nR\u00e9sistance en flexion : 12-15 MPa<br \/>\nTaille max : Dimension : 200 mm X 125 mm<br \/>\nLe classement au Feu d\u2019une dalle tout b\u00e9ton : M0<br \/>\nClassement COV : A+<\/p>\n<h3 class=\"p1\" style=\"text-align: center;\">Plaque sur Nid d\u2019Abeille<\/h3>\n<p class=\"p2\" style=\"text-align: left;\">Dimension : 200 mm X 125 mm<br \/>\nSuivant le motif peut exister en 1250 mm X 2500 mm<br \/>\nEpaisseur : 20 mm<br \/>\nRev\u00eatement mural d\u2019ext\u00e9rieur ou d\u2019int\u00e9rieur<br \/>\nLe classement au Feu pour plaque avec du nid d\u2019abeille M1<br \/>\nClassement COV : A+<br \/>\nComposition : B\u00e9ton fibr\u00e9 et panneau nid d\u2019abeille<br \/>\nPrincipes de pose : Se colle sur tous supports (Placopatre\u00ae, brique, parpaing&#8230;).<br \/>\nColle : Colle \u00e0 parquet (ex: Sikaflex, Parketfix&#8230;)<br \/>\nSe fixe sur le support \u00e0 l\u2019aide de douilles noy\u00e9es dans le b\u00e9ton<br \/>\nCoul\u00e9e sur un nid d\u2019abeille, elle peut facilement \u00eatre d\u00e9coup\u00e9e<br \/>\nPoids au m2 = 27 kg\/m2.<br \/>\nD\u00e9coupe : Disqueuse (Disque \u00e0 diamant)<br \/>\nLe panneau se d\u00e9cline sur-mesure : motifs, dimensions, couleurs..<br \/>\nElements courbes<br \/>\nArty Beton peut aussi \u00eatre moul\u00e9 avec des courbes afin de r\u00e9aliser<br \/>\npar exemple des habillages de colonnes.<\/p>\n<p class=\"p3\" style=\"text-align: left;\">PS : Pr\u00e9voir si n\u00e9cessaire une plus value sur le devis pour certificat classement au feu.<br \/>\nNos produits r\u00e9sistent \u00e0 l\u2019eau mais les traitements par d\u00e9faut ne sont pas pr\u00e9vus pour les cabines de douches.<\/p>\n\n\n\t\t\t\t\t<\/div>\n\t\t\t\t<\/div><div  class=\"fusion-layout-column fusion_builder_column fusion_builder_column_1_5  fusion-one-fifth fusion-column-last fusion-one-fifth fusion-column-last 1_5\"  style='margin-top: 0px;margin-bottom: 20px;width:20%;width:calc(20% - ( ( 4% + 4% ) * 0.2 ) );'>\n\t\t\t\t\t<div class=\"fusion-column-wrapper\" style=\"background-position:left top;background-repeat:no-repeat;-webkit-background-size:cover;-moz-background-size:cover;-o-background-size:cover;background-size:cover;\"  data-bg-url=\"\">\n\t\t\t\t\t\t\n\n\t\t\t\t\t<\/div>\n\t\t\t\t<\/div><\/div><div class=\"fusion-clearfix\"><\/div>\n\n\t\t\t\t\t<\/div>\n\t\t\t\t<\/div><\/div><\/div>\n","protected":false},"excerpt":{"rendered":"","protected":false},"author":1,"featured_media":0,"parent":0,"menu_order":0,"comment_status":"closed","ping_status":"closed","template":"","meta":{"footnotes":""},"class_list":["post-629","page","type-page","status-publish","hentry"],"translation":{"provider":"WPGlobus","version":"3.0.0","language":"gb","enabled_languages":["fr","gb"],"languages":{"fr":{"title":true,"content":true,"excerpt":false},"gb":{"title":false,"content":false,"excerpt":false}}},"_links":{"self":[{"href":"https:\/\/www.artybeton.fr\/gb\/index.php\/wp-json\/wp\/v2\/pages\/629","targetHints":{"allow":["GET"]}}],"collection":[{"href":"https:\/\/www.artybeton.fr\/gb\/index.php\/wp-json\/wp\/v2\/pages"}],"about":[{"href":"https:\/\/www.artybeton.fr\/gb\/index.php\/wp-json\/wp\/v2\/types\/page"}],"author":[{"embeddable":true,"href":"https:\/\/www.artybeton.fr\/gb\/index.php\/wp-json\/wp\/v2\/users\/1"}],"replies":[{"embeddable":true,"href":"https:\/\/www.artybeton.fr\/gb\/index.php\/wp-json\/wp\/v2\/comments?post=629"}],"version-history":[{"count":6,"href":"https:\/\/www.artybeton.fr\/gb\/index.php\/wp-json\/wp\/v2\/pages\/629\/revisions"}],"predecessor-version":[{"id":638,"href":"https:\/\/www.artybeton.fr\/gb\/index.php\/wp-json\/wp\/v2\/pages\/629\/revisions\/638"}],"wp:attachment":[{"href":"https:\/\/www.artybeton.fr\/gb\/index.php\/wp-json\/wp\/v2\/media?parent=629"}],"curies":[{"name":"wp","href":"https:\/\/api.w.org\/{rel}","templated":true}]}}