{"id":218,"date":"2017-05-16T11:35:38","date_gmt":"2017-05-16T09:35:38","guid":{"rendered":"http:\/\/www.artybeton.fr\/?page_id=218"},"modified":"2017-06-01T16:30:03","modified_gmt":"2017-06-01T14:30:03","slug":"beton-baroque","status":"publish","type":"page","link":"https:\/\/www.artybeton.fr\/gb\/index.php\/beton-baroque\/","title":{"rendered":"B\u00e9ton Baroque"},"content":{"rendered":"<div  class=\"fusion-fullwidth fullwidth-box fusion-blend-mode nonhundred-percent-fullwidth\"  style='background-color: rgba(255,255,255,0);background-position: center center;background-repeat: no-repeat;padding-top:0px;padding-right:0px;padding-bottom:0px;padding-left:0px;'><div class=\"fusion-builder-row fusion-row \"><div  class=\"fusion-layout-column fusion_builder_column fusion_builder_column_1_1  fusion-one-full fusion-column-first fusion-column-last 1_1\"  style='margin-top:0px;margin-bottom:20px;'>\n\t\t\t\t\t<div class=\"fusion-column-wrapper\" style=\"background-position:left top;background-repeat:no-repeat;-webkit-background-size:cover;-moz-background-size:cover;-o-background-size:cover;background-size:cover;\"  data-bg-url=\"\">\n\t\t\t\t\t\t<p class=\"p1\" style=\"text-align: center;\">Le B\u00e9ton Baroque est d\u00e9coratif, plein de fantaisie, d\u2019entrelacs. Il est raffin\u00e9,<span class=\"Apple-converted-space\">\u00a0 <\/span>exub\u00e9rant, m\u00eale les si\u00e8cles et les styles.<br \/>\nCuls-de-lampe, fleurons, vignettes, broderies sont la source de son inspiration.<\/p>\n\r\n\t\t\t\t\t\n\r\n\t\t\t\t\t<!-- START UNITE GALLERY LITE 1.7.44 -->\r\n\t\t\t\t\t\r\n\t\t\t\t\n\t\t\t<div id='unitegallery_9_1' class='unite-gallery' style='margin:0px auto;margin-top:30px;margin-bottom:30px;'>\n\t\t\t\t\n\n\t\t\t\t\t\t<img decoding=\"async\" alt=\"ambert-or-pavage\"\n\t\t\t\t\t\t     src=\"\" data-image=\"https:\/\/www.artybeton.fr\/wp-content\/uploads\/2017\/05\/ambert-or-pavage.jpg\"\n\t\t\t\t\t\t     data-thumb=\"https:\/\/www.artybeton.fr\/wp-content\/uploads\/2017\/05\/ambert-or-pavage-300x291.jpg\"\n\t\t\t\t\t\t     title=\"\"\n\t\t\t\t\t\t     style=\"display:none\">\n\n\t\t\t\t\t\t<img decoding=\"async\" alt=\"ambert-or\"\n\t\t\t\t\t\t     src=\"\" data-image=\"https:\/\/www.artybeton.fr\/wp-content\/uploads\/2017\/05\/ambert-or.jpg\"\n\t\t\t\t\t\t     data-thumb=\"https:\/\/www.artybeton.fr\/wp-content\/uploads\/2017\/05\/ambert-or-300x300.jpg\"\n\t\t\t\t\t\t     title=\"\"\n\t\t\t\t\t\t     style=\"display:none\">\n\n\t\t\t\t\t\t<img decoding=\"async\" alt=\"ambert-argent-pavage\"\n\t\t\t\t\t\t     src=\"\" data-image=\"https:\/\/www.artybeton.fr\/wp-content\/uploads\/2017\/05\/ambert-argent-pavage.jpg\"\n\t\t\t\t\t\t     data-thumb=\"https:\/\/www.artybeton.fr\/wp-content\/uploads\/2017\/05\/ambert-argent-pavage-300x291.jpg\"\n\t\t\t\t\t\t     title=\"\"\n\t\t\t\t\t\t     style=\"display:none\">\n\n\t\t\t\t\t\t<img decoding=\"async\" alt=\"ambert-argent\"\n\t\t\t\t\t\t     src=\"\" data-image=\"https:\/\/www.artybeton.fr\/wp-content\/uploads\/2017\/05\/ambert-argent.jpg\"\n\t\t\t\t\t\t     data-thumb=\"https:\/\/www.artybeton.fr\/wp-content\/uploads\/2017\/05\/ambert-argent-300x298.jpg\"\n\t\t\t\t\t\t     title=\"\"\n\t\t\t\t\t\t     style=\"display:none\">\n\n\t\t\t\t\t\t<img decoding=\"async\" alt=\"rond-ambert-turquoise\"\n\t\t\t\t\t\t     src=\"\" data-image=\"https:\/\/www.artybeton.fr\/wp-content\/uploads\/2017\/05\/rond-ambert-turquoise.jpg\"\n\t\t\t\t\t\t     data-thumb=\"https:\/\/www.artybeton.fr\/wp-content\/uploads\/2017\/05\/rond-ambert-turquoise-300x300.jpg\"\n\t\t\t\t\t\t     title=\"\"\n\t\t\t\t\t\t     style=\"display:none\">\n\n\t\t\t\t\t\t<img decoding=\"async\" alt=\"baroque-de\u0301tail2\"\n\t\t\t\t\t\t     src=\"\" data-image=\"https:\/\/www.artybeton.fr\/wp-content\/uploads\/2017\/05\/baroque-de\u0301tail2.jpg\"\n\t\t\t\t\t\t     data-thumb=\"https:\/\/www.artybeton.fr\/wp-content\/uploads\/2017\/05\/baroque-de\u0301tail2-300x225.jpg\"\n\t\t\t\t\t\t     title=\"\"\n\t\t\t\t\t\t     style=\"display:none\">\n\n\t\t\t\t\t\t<img decoding=\"async\" alt=\"baroque-de\u0301tail\"\n\t\t\t\t\t\t     src=\"\" data-image=\"https:\/\/www.artybeton.fr\/wp-content\/uploads\/2017\/05\/baroque-de\u0301tail.jpg\"\n\t\t\t\t\t\t     data-thumb=\"https:\/\/www.artybeton.fr\/wp-content\/uploads\/2017\/05\/baroque-de\u0301tail-300x225.jpg\"\n\t\t\t\t\t\t     title=\"\"\n\t\t\t\t\t\t     style=\"display:none\">\n\n\t\t\t\t\t\t<img decoding=\"async\" alt=\"Motif-Ambert-De\u0301tail\"\n\t\t\t\t\t\t     src=\"\" data-image=\"https:\/\/www.artybeton.fr\/wp-content\/uploads\/2017\/05\/Motif-Ambert-De\u0301tail.jpg\"\n\t\t\t\t\t\t     data-thumb=\"https:\/\/www.artybeton.fr\/wp-content\/uploads\/2017\/05\/Motif-Ambert-De\u0301tail-300x220.jpg\"\n\t\t\t\t\t\t     title=\"\"\n\t\t\t\t\t\t     style=\"display:none\">\n\n\t\t\t\t\t\t<img decoding=\"async\" alt=\"Motif-Ambert-\"\n\t\t\t\t\t\t     src=\"\" data-image=\"https:\/\/www.artybeton.fr\/wp-content\/uploads\/2017\/05\/Motif-Ambert-.jpg\"\n\t\t\t\t\t\t     data-thumb=\"https:\/\/www.artybeton.fr\/wp-content\/uploads\/2017\/05\/Motif-Ambert--300x97.jpg\"\n\t\t\t\t\t\t     title=\"\"\n\t\t\t\t\t\t     style=\"display:none\">\n\n\t\t\t\t\t\t<img decoding=\"async\" alt=\"baroque-de\u0301tail33\"\n\t\t\t\t\t\t     src=\"\" data-image=\"https:\/\/www.artybeton.fr\/wp-content\/uploads\/2017\/05\/baroque-de\u0301tail33.jpg\"\n\t\t\t\t\t\t     data-thumb=\"https:\/\/www.artybeton.fr\/wp-content\/uploads\/2017\/05\/baroque-de\u0301tail33-300x100.jpg\"\n\t\t\t\t\t\t     title=\"\"\n\t\t\t\t\t\t     style=\"display:none\">\n\n\t\t\t\t\t\t<img decoding=\"async\" alt=\"broderie\"\n\t\t\t\t\t\t     src=\"\" data-image=\"https:\/\/www.artybeton.fr\/wp-content\/uploads\/2017\/05\/broderie.jpg\"\n\t\t\t\t\t\t     data-thumb=\"https:\/\/www.artybeton.fr\/wp-content\/uploads\/2017\/05\/broderie-300x225.jpg\"\n\t\t\t\t\t\t     title=\"\"\n\t\t\t\t\t\t     style=\"display:none\">\n\t\t\t<\/div>\n\n\t\t\t<script type='text\/javascript'>\n\t\t\t\twindow.onload = function(e) {\n\t\t\t\t\tif(typeof ugCheckForErrors == \"undefined\"){\n\t\t\t\t\t\tdocument.getElementById(\"unitegallery_9_1\").innerHTML = \"<span style='color:red'>Unite Gallery Error - gallery js and css files not included in the footer. Please make sure that wp_footer() function is added to your theme.<\/span>\";}\n\t\t\t\t\telse{ ugCheckForErrors(\"unitegallery_9_1\", \"jquery\");}\n\t\t\t\t};\n\t\t\t<\/script>\n\n\t\t\t<!-- END UNITEGALLERY LITE--><div class=\"fusion-clearfix\"><\/div>\n\n\t\t\t\t\t<\/div>\n\t\t\t\t<\/div><\/div><\/div>\n","protected":false},"excerpt":{"rendered":"","protected":false},"author":1,"featured_media":0,"parent":0,"menu_order":0,"comment_status":"closed","ping_status":"closed","template":"","meta":{"footnotes":""},"class_list":["post-218","page","type-page","status-publish","hentry"],"translation":{"provider":"WPGlobus","version":"3.0.0","language":"gb","enabled_languages":["fr","gb"],"languages":{"fr":{"title":true,"content":true,"excerpt":false},"gb":{"title":false,"content":false,"excerpt":false}}},"_links":{"self":[{"href":"https:\/\/www.artybeton.fr\/gb\/index.php\/wp-json\/wp\/v2\/pages\/218","targetHints":{"allow":["GET"]}}],"collection":[{"href":"https:\/\/www.artybeton.fr\/gb\/index.php\/wp-json\/wp\/v2\/pages"}],"about":[{"href":"https:\/\/www.artybeton.fr\/gb\/index.php\/wp-json\/wp\/v2\/types\/page"}],"author":[{"embeddable":true,"href":"https:\/\/www.artybeton.fr\/gb\/index.php\/wp-json\/wp\/v2\/users\/1"}],"replies":[{"embeddable":true,"href":"https:\/\/www.artybeton.fr\/gb\/index.php\/wp-json\/wp\/v2\/comments?post=218"}],"version-history":[{"count":8,"href":"https:\/\/www.artybeton.fr\/gb\/index.php\/wp-json\/wp\/v2\/pages\/218\/revisions"}],"predecessor-version":[{"id":599,"href":"https:\/\/www.artybeton.fr\/gb\/index.php\/wp-json\/wp\/v2\/pages\/218\/revisions\/599"}],"wp:attachment":[{"href":"https:\/\/www.artybeton.fr\/gb\/index.php\/wp-json\/wp\/v2\/media?parent=218"}],"curies":[{"name":"wp","href":"https:\/\/api.w.org\/{rel}","templated":true}]}}